{"id":16,"date":"2024-12-12T10:18:29","date_gmt":"2024-12-12T09:18:29","guid":{"rendered":"http:\/\/wplab.local\/?page_id=16"},"modified":"2024-12-12T10:18:29","modified_gmt":"2024-12-12T09:18:29","slug":"cookies","status":"publish","type":"page","link":"https:\/\/acm.itae-innova.es\/de\/cookies\/","title":{"rendered":"Cookie-Richtlinie"},"content":{"rendered":"<p>Ein Cookie ist eine kleine Textdatei, die in Ihrem Browser gespeichert wird, wenn Sie fast jede beliebige Website besuchen. Mithilfe dieses Cookies kann sich die Website an Ihren Besuch erinnern, sobald Sie erneut auf diese Seite zur\u00fcckkehren. Cookies speichern normalerweise technische Informationen, pers\u00f6nliche Vorlieben, Inhaltsanpassungen, Nutzungsstatistiken, Links zu sozialen Netzwerken, den Zugriff auf Benutzerkonten usw. Das Hauptziel eines Cookies besteht darin, den Inhalt einer Website an Ihr Profil und Ihre Bed\u00fcrfnisse anzupassen. Ohne Cookies w\u00fcrden viele der von einer Website angebotenen Dienste erheblich eingeschr\u00e4nkt. Wenn Sie weitere Informationen dar\u00fcber w\u00fcnschen, was Cookies sind, was sie speichern, wie man sie l\u00f6scht, deaktiviert usw., besuchen Sie bitte diesen Link.<\/p>\n\n\n\n<h2 class=\"wp-block-heading\">Auf dieser Website verwendete Cookies<\/h2>\n\n\n\n<p>Entsprechend den Richtlinien der spanischen Datenschutzbeh\u00f6rde (Agencia Espa\u00f1ola de Protecci\u00f3n de Datos) informieren wir Sie im Folgenden so genau wie m\u00f6glich \u00fcber die Verwendung von Cookies auf unserer Website:<\/p>\n\n\n\n<p>Diese Website verwendet folgende eigene Cookies:<\/p>\n\n\n\n<ol class=\"wp-block-list\">\n<li>Sitzungs-Cookies: Diese dienen sicherzustellen, dass Benutzer, die im Blog Kommentare verfassen, echte Menschen sind und keine automatisierten Anwendungen. Auf diese Weise wird Spam bek\u00e4mpft.<\/li>\n<\/ol>\n\n\n\n<p>Diese Website verwendet folgende Cookies von Drittanbietern:<\/p>\n\n\n\n<ol class=\"wp-block-list\">\n<li>Google Analytics: Speichert Cookies, um Statistiken \u00fcber den Datenverkehr und das Besuchervolumen dieser Website zu erstellen. Durch die Nutzung dieser Website stimmen Sie der Verarbeitung der \u00fcber Sie erhobenen Daten durch Google zu. Um Ihre Rechte in diesem Zusammenhang wahrzunehmen, m\u00fcssen Sie sich direkt an Google wenden.<\/li>\n\n\n\n<li>Soziale Netzwerke: Jede soziale Plattform verwendet ihre eigenen Cookies, damit Sie z. B. auf \u201eGef\u00e4llt mir\u201c oder \u201eTeilen\u201c klicken k\u00f6nnen.<\/li>\n<\/ol>\n\n\n\n<h2 class=\"wp-block-heading\">Deaktivierung oder L\u00f6schung von Cookies<\/h2>\n\n\n\n<p>Sie k\u00f6nnen Ihr Recht auf Deaktivierung oder L\u00f6schung von Cookies, die von dieser Website stammen, jederzeit aus\u00fcben. Die Vorgehensweise daf\u00fcr ist je nach dem von Ihnen verwendeten Browser unterschiedlich. Eine schnelle Anleitung f\u00fcr die g\u00e4ngigsten Browser finden Sie hier:<\/p>\n\n\n\n<h2 class=\"wp-block-heading\">Zus\u00e4tzliche Hinweise<\/h2>\n\n\n\n<ol class=\"wp-block-list\">\n<li>Weder diese Website noch ihre gesetzlichen Vertreter \u00fcbernehmen die Verantwortung f\u00fcr Inhalte oder Wahrheitsgehalt der Datenschutzrichtlinien von Dritten, die in dieser Cookie-Richtlinie genannt werden.<\/li>\n\n\n\n<li>Webbrowser sind die Tools, mit denen Cookies gespeichert werden, und von hier aus m\u00fcssen Sie Ihr Recht auf Entfernung oder Deaktivierung dieser Cookies wahrnehmen. Weder diese Website noch ihre gesetzlichen Vertreter k\u00f6nnen die korrekte oder fehlerhafte Handhabung von Cookies durch die genannten Browser garantieren.<\/li>\n\n\n\n<li>In einigen F\u00e4llen ist es notwendig, Cookies zu installieren, damit der Browser Ihre Entscheidung bez\u00fcglich deren Nichtakzeptanz nicht vergisst.<\/li>\n\n\n\n<li>Im Fall von Google-Analytics-Cookies speichert das Unternehmen die Cookies auf Servern in den USA und verpflichtet sich, sie nicht an Dritte weiterzugeben, au\u00dfer wenn dies f\u00fcr den Betrieb des Systems erforderlich ist oder wenn das Gesetz dies vorschreibt. Google gibt an, dass IP-Adressen nicht gespeichert werden. Google Inc. ist dem sogenannten \u201eSafe-Harbor-Abkommen\u201c beigetreten, das gew\u00e4hrleistet, dass alle \u00fcbertragenen Daten gem\u00e4\u00df den europ\u00e4ischen Datenschutzrichtlinien behandelt werden. Genauere Informationen dazu finden Sie \u00fcber diesen Link. Wenn Sie Informationen dar\u00fcber w\u00fcnschen, wie Google Cookies verwendet, k\u00f6nnen Sie diesen weiteren Link aufrufen.<\/li>\n\n\n\n<li>Bei Fragen oder Anliegen zu dieser Cookie-Richtlinie nehmen Sie bitte \u00fcber den Kontaktbereich unserer Website Verbindung mit uns auf.<\/li>\n<\/ol>","protected":false},"excerpt":{"rendered":"<p>Una\u00a0cookie\u00a0es un peque\u00f1o fichero de texto que se almacena en su navegador cuando visita casi cualquier p\u00e1gina web. Su utilidad es que la web sea capaz de recordar su visita cuando vuelva a navegar por esa p\u00e1gina. Las\u00a0cookies\u00a0suelen almacenar informaci\u00f3n de car\u00e1cter t\u00e9cnico, preferencias personales, personalizaci\u00f3n de contenidos, estad\u00edsticas de uso, enlaces a redes sociales, [&hellip;]<\/p>","protected":false},"author":1,"featured_media":0,"parent":0,"menu_order":0,"comment_status":"closed","ping_status":"closed","template":"","meta":{"footnotes":""},"class_list":["post-16","page","type-page","status-publish","hentry"],"_links":{"self":[{"href":"https:\/\/acm.itae-innova.es\/de\/wp-json\/wp\/v2\/pages\/16","targetHints":{"allow":["GET"]}}],"collection":[{"href":"https:\/\/acm.itae-innova.es\/de\/wp-json\/wp\/v2\/pages"}],"about":[{"href":"https:\/\/acm.itae-innova.es\/de\/wp-json\/wp\/v2\/types\/page"}],"author":[{"embeddable":true,"href":"https:\/\/acm.itae-innova.es\/de\/wp-json\/wp\/v2\/users\/1"}],"replies":[{"embeddable":true,"href":"https:\/\/acm.itae-innova.es\/de\/wp-json\/wp\/v2\/comments?post=16"}],"version-history":[{"count":0,"href":"https:\/\/acm.itae-innova.es\/de\/wp-json\/wp\/v2\/pages\/16\/revisions"}],"wp:attachment":[{"href":"https:\/\/acm.itae-innova.es\/de\/wp-json\/wp\/v2\/media?parent=16"}],"curies":[{"name":"wp","href":"https:\/\/api.w.org\/{rel}","templated":true}]}}