{"id":19,"date":"2024-12-12T10:18:57","date_gmt":"2024-12-12T09:18:57","guid":{"rendered":"http:\/\/wplab.local\/?page_id=19"},"modified":"2024-12-12T10:18:57","modified_gmt":"2024-12-12T09:18:57","slug":"politica-de-privacidad","status":"publish","type":"page","link":"https:\/\/acm.itae-innova.es\/de\/politica-de-privacidad\/","title":{"rendered":"Datenschutzerkl\u00e4rung"},"content":{"rendered":"<h2 class=\"wp-block-heading\">Wer wir sind<\/h2>\n\n\n\n<p>Unsere Website-Adresse lautet: <a href=\"http:\/\/www.nonutopian.net\">http:\/\/www.nonutopian.net<\/a><\/p>\n\n\n\n<h2 class=\"wp-block-heading\">Kommentare<\/h2>\n\n\n\n<p>Wenn Besucher Kommentare auf der Website hinterlassen, erfassen wir die im Kommentarformular eingegebenen Daten sowie die IP-Adresse des Besuchers und den User-Agent-String des Browsers. Dies hilft uns bei der Erkennung von Spam.<\/p>\n\n\n\n<p>Sobald dein Kommentar freigegeben wurde, ist dein Profilbild im Zusammenhang mit deinem Kommentar \u00f6ffentlich sichtbar.<\/p>\n\n\n\n<h2 class=\"wp-block-heading\">Medien<\/h2>\n\n\n\n<p>Wenn du Bilder auf die Website hochl\u00e4dst, solltest du darauf achten, keine Bilder mit eingebetteten Standortdaten (GPS EXIF) hochzuladen. Besucher der Website k\u00f6nnten diese Standortdaten aus den Bildern herunterladen und extrahieren.<\/p>\n\n\n\n<h2 class=\"wp-block-heading\">Cookies<\/h2>\n\n\n\n<p>Wenn du einen Kommentar auf unserer Website hinterl\u00e4sst, kannst du dich daf\u00fcr entscheiden, deinen Namen, deine E-Mail-Adresse und deine Website in Cookies zu speichern. Dies dient deiner Bequemlichkeit, damit du diese Daten nicht erneut eingeben musst, wenn du einen weiteren Kommentar hinterl\u00e4sst. Diese Cookies bleiben ein Jahr lang gespeichert.<\/p>\n\n\n\n<p>Wenn du unsere Login-Seite besuchst, setzen wir ein tempor\u00e4res Cookie, um festzustellen, ob dein Browser Cookies akzeptiert. Dieses Cookie enth\u00e4lt keine personenbezogenen Daten und wird gel\u00f6scht, sobald du deinen Browser schlie\u00dft.<\/p>\n\n\n\n<p>Wenn du dich anmeldest, setzen wir mehrere Cookies, um deine Login-Informationen sowie deine Bildschirmdarstellungsoptionen zu speichern. Login-Cookies bleiben zwei Tage bestehen, Cookies f\u00fcr Bildschirmoptionen ein Jahr. Wenn du \u201eAngemeldet bleiben\u201c ausw\u00e4hlst, wird deine Anmeldung f\u00fcr zwei Wochen aufrechterhalten. Sobald du dich abmeldest, werden die Login-Cookies gel\u00f6scht.<\/p>\n\n\n\n<p>Wenn du einen Artikel bearbeitest oder ver\u00f6ffentlichst, wird ein zus\u00e4tzliches Cookie in deinem Browser gespeichert. Dieses Cookie enth\u00e4lt keine personenbezogenen Daten, sondern verweist lediglich auf die ID des Artikels, den du bearbeitet hast. Es verf\u00e4llt nach einem Tag.<\/p>\n\n\n\n<h2 class=\"wp-block-heading\">Eingebettete Inhalte von anderen Websites<\/h2>\n\n\n\n<p>Beitr\u00e4ge auf dieser Website k\u00f6nnen eingebettete Inhalte beinhalten (z. B. Videos, Bilder, Artikel usw.). Eingebettete Inhalte von anderen Websites verhalten sich genau so, als h\u00e4ttest du die andere Website direkt besucht.<\/p>\n\n\n\n<p>Diese Websites k\u00f6nnen Daten \u00fcber dich sammeln, Cookies verwenden, zus\u00e4tzliche Tracking-Dienste von Drittanbietern einbetten und deine Interaktion mit diesen eingebetteten Inhalten \u00fcberwachen, einschlie\u00dflich der Nachverfolgung deiner Interaktionen mit dem eingebetteten Inhalt, wenn du ein Konto hast und auf dieser Website angemeldet bist.<\/p>\n\n\n\n<h2 class=\"wp-block-heading\">Mit wem wir deine Daten teilen<\/h2>\n\n\n\n<p>Wenn du ein Zur\u00fccksetzen deines Passworts anforderst, wird deine IP-Adresse in der E-Mail zum Zur\u00fccksetzen enthalten sein.<\/p>\n\n\n\n<h2 class=\"wp-block-heading\">Wie lange wir deine Daten speichern<\/h2>\n\n\n\n<p>Wenn du einen Kommentar hinterl\u00e4sst, werden der Kommentar und seine Metadaten zeitlich unbegrenzt gespeichert. Auf diese Weise k\u00f6nnen wir Folgekommentare automatisch erkennen und freigeben, anstatt sie in einer Moderationswarteschlange zu halten.<\/p>\n\n\n\n<p>F\u00fcr Nutzer, die sich auf unserer Website registrieren (falls vorhanden), speichern wir zudem die pers\u00f6nlichen Informationen, die sie in ihrem Benutzerprofil angeben. Alle Nutzer k\u00f6nnen ihre pers\u00f6nlichen Informationen jederzeit einsehen, bearbeiten oder l\u00f6schen (mit Ausnahme ihres Benutzernamens). Auch die Website-Administratoren k\u00f6nnen diese Informationen einsehen und bearbeiten.<\/p>\n\n\n\n<h2 class=\"wp-block-heading\">Welche Rechte du an deinen Daten hast<\/h2>\n\n\n\n<p>Wenn du ein Konto auf dieser Website hast oder Kommentare hinterlassen hast, kannst du einen Export deiner personenbezogenen Daten anfordern, einschlie\u00dflich aller Daten, die du uns mitgeteilt hast. Zus\u00e4tzlich kannst du die L\u00f6schung aller personenbezogenen Daten verlangen, die wir \u00fcber dich gespeichert haben. Dies schlie\u00dft keine Daten ein, die wir zu administrativen, rechtlichen oder sicherheitsrelevanten Zwecken aufbewahren m\u00fcssen.<\/p>\n\n\n\n<h2 class=\"wp-block-heading\">Wohin wir deine Daten senden<\/h2>\n\n\n\n<p>Besucherkommentare k\u00f6nnten von einem automatisierten Dienst zur Spam-Erkennung \u00fcberpr\u00fcft werden.<\/p>","protected":false},"excerpt":{"rendered":"<p>Qui\u00e9nes somos Nuestra direcci\u00f3n de sitio web es: http:\/\/www.nonutopian.net Comentarios Cuando los visitantes dejan comentarios en el sitio, recopilamos los datos mostrados en el formulario de comentarios, as\u00ed como la direcci\u00f3n IP del visitante y la cadena de agente de usuario del navegador para ayudar en la detecci\u00f3n de spam. Tras la aprobaci\u00f3n de tu [&hellip;]<\/p>","protected":false},"author":1,"featured_media":0,"parent":0,"menu_order":0,"comment_status":"closed","ping_status":"closed","template":"","meta":{"footnotes":""},"class_list":["post-19","page","type-page","status-publish","hentry"],"_links":{"self":[{"href":"https:\/\/acm.itae-innova.es\/de\/wp-json\/wp\/v2\/pages\/19","targetHints":{"allow":["GET"]}}],"collection":[{"href":"https:\/\/acm.itae-innova.es\/de\/wp-json\/wp\/v2\/pages"}],"about":[{"href":"https:\/\/acm.itae-innova.es\/de\/wp-json\/wp\/v2\/types\/page"}],"author":[{"embeddable":true,"href":"https:\/\/acm.itae-innova.es\/de\/wp-json\/wp\/v2\/users\/1"}],"replies":[{"embeddable":true,"href":"https:\/\/acm.itae-innova.es\/de\/wp-json\/wp\/v2\/comments?post=19"}],"version-history":[{"count":0,"href":"https:\/\/acm.itae-innova.es\/de\/wp-json\/wp\/v2\/pages\/19\/revisions"}],"wp:attachment":[{"href":"https:\/\/acm.itae-innova.es\/de\/wp-json\/wp\/v2\/media?parent=19"}],"curies":[{"name":"wp","href":"https:\/\/api.w.org\/{rel}","templated":true}]}}